{"id":399,"date":"2017-03-16T18:39:38","date_gmt":"2017-03-16T18:39:38","guid":{"rendered":"http:\/\/tennisverenigingnieuw-vennep.nl\/?page_id=399"},"modified":"2020-12-29T10:50:32","modified_gmt":"2020-12-29T09:50:32","slug":"tenniskids","status":"publish","type":"page","link":"https:\/\/tennisverenigingnieuw-vennep.nl\/?page_id=399","title":{"rendered":"Tenniskids jeugdcompetitie"},"content":{"rendered":"<div id=\"fb-root\"><\/div>\n<p><strong>Tenniskids is h\u00e9t KNLTB tennisprogramma voor kinderen t\/m 12 jaar. Met speciale (rode, oranje of groene) ballen, rackets, banen en oefeningen leert zelfs de jongste jeugd de sport razendsnel te spelen. Kinderen worden direct in een team met leeftijdsgenootjes geplaatst. Zo maken ze snel nieuwe vriendjes en werken ze samen naar duidelijke doelen toe. Dat is niet alleen goed voor de fysieke, maar ook voor de sociale vaardigheden. Plezier en samenspel; daar draait het om bij Tenniskids. N<span data-ccp-charstyle=\"A4\">aast <\/span><span data-ccp-charstyle=\"A4\">leuke en<\/span><span data-ccp-charstyle=\"A4\"> uitdagende trainingen <\/span><span data-ccp-charstyle=\"A4\">kunnen <\/span><span data-ccp-charstyle=\"A4\">kinderen <\/span><span data-ccp-charstyle=\"A4\">die tennissen in Tenniskids <\/span><span data-ccp-charstyle=\"A4\">meedoen aan de <\/span><span data-ccp-charstyle=\"A4\"><a title=\"Kia Tenniskids Competitie\" href=\"https:\/\/www.tennis.nl\/alles-over-tennis\/competitie\/jeugd\/kia-tenniskids-competitie\/\">Kia Tenniskids competitie<\/a><\/span><span data-ccp-charstyle=\"A4\"> of zich inschrijven voor een <\/span><a title=\"Tenniskids toernooitjes\" href=\"https:\/\/www.tennis.nl\/alles-over-tennis\/toernooien\/jeugd\/tenniskids-toernooitjes\/\"><span data-ccp-charstyle=\"A4\">Tenniskids toernooitje<\/span><\/a><span data-ccp-charstyle=\"A4\">.\u00a0<\/span><\/strong><\/p>\n<h1>Kia Tenniskids competitie<\/h1>\n<p>De Kia Tenniskids competitie bestaat uit de Rode, Oranje en Groene competitie. Deze competities zijn gekoppeld aan de Tenniskids kleur waarin een kind speelt. In de Kia Tenniskids competitie spelen kinderen op zondagochtend een aantal (korte) wedstrijden tegen kinderen van andere tennisverenigingen in de buurt.<\/p>\n<p>Voor de Kia Tenniskids competitie geldt dat ook kinderen die \u00e9\u00e9n jaar jonger of \u00e9\u00e9n jaar ouder zijn dan de vastgestelde leeftijden mogen deelnemen aan de competitie. Daarnaast er leeftijdsdispensatie worden aangevraagd voor een jeugdspeler. Dispensatie kan worden aangevraagd voor zeer talentvolle kinderen of voor kinderen die nog niet toe zijn aan een stap omhoog.<\/p>\n<p><iframe loading=\"lazy\" title=\"Doe mee aan de Kia Tenniskids competitie!\" width=\"1200\" height=\"675\" src=\"https:\/\/www.youtube.com\/embed\/U34Ml05TiJE?feature=oembed\" frameborder=\"0\" allow=\"accelerometer; autoplay; clipboard-write; encrypted-media; gyroscope; picture-in-picture; web-share\" referrerpolicy=\"strict-origin-when-cross-origin\" allowfullscreen><\/iframe><\/p>\n<h2>Tenniskids toernootjes<\/h2>\n<p><span data-ccp-charstyle=\"A4\">Naast <\/span><span data-ccp-charstyle=\"A4\">leuke en<\/span><span data-ccp-charstyle=\"A4\"> uitdagende trainingen en de <\/span><span data-ccp-charstyle=\"A4\"><a title=\"Kia Tenniskids Competitie\" href=\"https:\/\/www.tennis.nl\/alles-over-tennis\/competitie\/jeugd\/kia-tenniskids-competitie\/\">Kia Tenniskids competitie<\/a><\/span><span data-ccp-charstyle=\"A4\"> kun je inschrijven voor een <\/span><a title=\"Tenniskids toernooitjes\" href=\"https:\/\/www.tennis.nl\/alles-over-tennis\/toernooien\/jeugd\/tenniskids-toernooitjes\/\"><span data-ccp-charstyle=\"A4\">Tenniskids toernooitje<\/span><\/a><span data-ccp-charstyle=\"A4\">. <\/span><span data-ccp-charstyle=\"A4\">H<\/span>et maakt niet uit of een kind al langer tennist of net begonnen is: er zijn competities en toernooitjes voor iedereen!<\/p>\n<h2>Contactpersoon<\/h2>\n<p>Administratieve co\u00f6rdinatie Tenniskids jeugdcompetitie oranje, rood en Groene competitie is in\u00a0goede handen van\u00a0<a href=\"mailto:annemarie.plevier@planet.nl\">Annemarie Plevier<\/a> (<a href=\"http:\/\/tennisverenigingnieuw-vennep.nl\/?page_id=88\">zie commissies<\/a>).<\/p>\n<p><span style=\"text-decoration: underline;\"><a href=\"https:\/\/www.tennis.nl\/alles-over-tennis\/jeugd\/tenniskids\/\" target=\"_blank\" rel=\"noopener noreferrer\">Meer over\u00a0\u00a0Tenniskids<\/a><br \/>\n<a href=\"https:\/\/www.tennis.nl\/alles-over-tennis\/competitie\/jeugd\/kia-tenniskids-competitie\/\">Meer over Tenniskids jeugdcompetitie<\/a><\/span><br \/>\n<span style=\"text-decoration: underline;\"><a href=\"https:\/\/www.tennis.nl\/alles-over-tennis\/jeugd\/tenniskids\/blauw-rood-oranje-en-groen\/\" target=\"_blank\" rel=\"noopener noreferrer\">Rood, oranje en groen, hoe zit dat nou?<\/a><\/span><br \/>\n<span style=\"text-decoration: underline;\"><a href=\"https:\/\/www.tennis.nl\/alles-over-tennis\/jeugd\/tenniskids\/spelregels-tenniskids\/\" target=\"_blank\" rel=\"noopener noreferrer\">Spelregels<\/a><\/span><\/p>\n","protected":false},"excerpt":{"rendered":"<p>Tenniskids is h\u00e9t KNLTB tennisprogramma voor kinderen t\/m 12 jaar. Met speciale (rode, oranje of groene) ballen, rackets, banen en oefeningen leert zelfs de jongste jeugd de sport razendsnel te spelen. Kinderen worden direct in een team met leeftijdsgenootjes geplaatst. Zo maken ze snel nieuwe vriendjes en werken ze samen naar duidelijke doelen toe. Dat &#8230; <a title=\"Tenniskids jeugdcompetitie\" class=\"read-more\" href=\"https:\/\/tennisverenigingnieuw-vennep.nl\/?page_id=399\" aria-label=\"Lees meer over Tenniskids jeugdcompetitie\">Lees verder<\/a><\/p>\n","protected":false},"author":1,"featured_media":382,"parent":0,"menu_order":0,"comment_status":"closed","ping_status":"closed","template":"","meta":{"_bbp_topic_count":0,"_bbp_reply_count":0,"_bbp_total_topic_count":0,"_bbp_total_reply_count":0,"_bbp_voice_count":0,"_bbp_anonymous_reply_count":0,"_bbp_topic_count_hidden":0,"_bbp_reply_count_hidden":0,"_bbp_forum_subforum_count":0,"footnotes":""},"class_list":["post-399","page","type-page","status-publish","has-post-thumbnail"],"yoast_head":"<!-- This site is optimized with the Yoast SEO plugin v27.5 - https:\/\/yoast.com\/product\/yoast-seo-wordpress\/ -->\n<title>Tenniskids jeugdcompetitie - Tennisvereniging Nieuw-Vennep<\/title>\n<meta name=\"robots\" content=\"index, follow, max-snippet:-1, max-image-preview:large, max-video-preview:-1\" \/>\n<link rel=\"canonical\" href=\"https:\/\/tennisverenigingnieuw-vennep.nl\/?page_id=399\" \/>\n<meta property=\"og:locale\" content=\"nl_NL\" \/>\n<meta property=\"og:type\" content=\"article\" \/>\n<meta property=\"og:title\" content=\"Tenniskids jeugdcompetitie - Tennisvereniging Nieuw-Vennep\" \/>\n<meta property=\"og:description\" content=\"Tenniskids is h\u00e9t KNLTB tennisprogramma voor kinderen t\/m 12 jaar. Met speciale (rode, oranje of groene) ballen, rackets, banen en oefeningen leert zelfs de jongste jeugd de sport razendsnel te spelen. Kinderen worden direct in een team met leeftijdsgenootjes geplaatst. Zo maken ze snel nieuwe vriendjes en werken ze samen naar duidelijke doelen toe. Dat ... Lees verder\" \/>\n<meta property=\"og:url\" content=\"https:\/\/tennisverenigingnieuw-vennep.nl\/?page_id=399\" \/>\n<meta property=\"og:site_name\" content=\"Tennisvereniging Nieuw-Vennep\" \/>\n<meta property=\"article:publisher\" content=\"https:\/\/www.facebook.com\/TV-Nieuw-Vennep-146373122084476\/\" \/>\n<meta property=\"article:modified_time\" content=\"2020-12-29T09:50:32+00:00\" \/>\n<meta property=\"og:image\" content=\"https:\/\/i2.wp.com\/tennisverenigingnieuw-vennep.nl\/wp-content\/uploads\/2017\/03\/Tenniskids-e1497206104913.jpg?fit=900%2C225&ssl=1\" \/>\n\t<meta property=\"og:image:width\" content=\"900\" \/>\n\t<meta property=\"og:image:height\" content=\"225\" \/>\n\t<meta property=\"og:image:type\" content=\"image\/jpeg\" \/>\n<meta name=\"twitter:card\" content=\"summary_large_image\" \/>\n<meta name=\"twitter:label1\" content=\"Geschatte leestijd\" \/>\n\t<meta name=\"twitter:data1\" content=\"1 minuut\" \/>\n<script type=\"application\/ld+json\" class=\"yoast-schema-graph\">{\"@context\":\"https:\\\/\\\/schema.org\",\"@graph\":[{\"@type\":\"WebPage\",\"@id\":\"https:\\\/\\\/tennisverenigingnieuw-vennep.nl\\\/?page_id=399\",\"url\":\"https:\\\/\\\/tennisverenigingnieuw-vennep.nl\\\/?page_id=399\",\"name\":\"Tenniskids jeugdcompetitie - Tennisvereniging Nieuw-Vennep\",\"isPartOf\":{\"@id\":\"https:\\\/\\\/tennisverenigingnieuw-vennep.nl\\\/#website\"},\"primaryImageOfPage\":{\"@id\":\"https:\\\/\\\/tennisverenigingnieuw-vennep.nl\\\/?page_id=399#primaryimage\"},\"image\":{\"@id\":\"https:\\\/\\\/tennisverenigingnieuw-vennep.nl\\\/?page_id=399#primaryimage\"},\"thumbnailUrl\":\"https:\\\/\\\/i0.wp.com\\\/tennisverenigingnieuw-vennep.nl\\\/wp-content\\\/uploads\\\/2017\\\/03\\\/Tenniskids-e1497206104913.jpg?fit=900%2C225&ssl=1\",\"datePublished\":\"2017-03-16T18:39:38+00:00\",\"dateModified\":\"2020-12-29T09:50:32+00:00\",\"breadcrumb\":{\"@id\":\"https:\\\/\\\/tennisverenigingnieuw-vennep.nl\\\/?page_id=399#breadcrumb\"},\"inLanguage\":\"nl-NL\",\"potentialAction\":[{\"@type\":\"ReadAction\",\"target\":[\"https:\\\/\\\/tennisverenigingnieuw-vennep.nl\\\/?page_id=399\"]}]},{\"@type\":\"ImageObject\",\"inLanguage\":\"nl-NL\",\"@id\":\"https:\\\/\\\/tennisverenigingnieuw-vennep.nl\\\/?page_id=399#primaryimage\",\"url\":\"https:\\\/\\\/i0.wp.com\\\/tennisverenigingnieuw-vennep.nl\\\/wp-content\\\/uploads\\\/2017\\\/03\\\/Tenniskids-e1497206104913.jpg?fit=900%2C225&ssl=1\",\"contentUrl\":\"https:\\\/\\\/i0.wp.com\\\/tennisverenigingnieuw-vennep.nl\\\/wp-content\\\/uploads\\\/2017\\\/03\\\/Tenniskids-e1497206104913.jpg?fit=900%2C225&ssl=1\",\"width\":900,\"height\":225},{\"@type\":\"BreadcrumbList\",\"@id\":\"https:\\\/\\\/tennisverenigingnieuw-vennep.nl\\\/?page_id=399#breadcrumb\",\"itemListElement\":[{\"@type\":\"ListItem\",\"position\":1,\"name\":\"Home\",\"item\":\"https:\\\/\\\/tennisverenigingnieuw-vennep.nl\\\/\"},{\"@type\":\"ListItem\",\"position\":2,\"name\":\"Tenniskids jeugdcompetitie\"}]},{\"@type\":\"WebSite\",\"@id\":\"https:\\\/\\\/tennisverenigingnieuw-vennep.nl\\\/#website\",\"url\":\"https:\\\/\\\/tennisverenigingnieuw-vennep.nl\\\/\",\"name\":\"Tennisvereniging Nieuw-Vennep\",\"description\":\"\",\"publisher\":{\"@id\":\"https:\\\/\\\/tennisverenigingnieuw-vennep.nl\\\/#organization\"},\"potentialAction\":[{\"@type\":\"SearchAction\",\"target\":{\"@type\":\"EntryPoint\",\"urlTemplate\":\"https:\\\/\\\/tennisverenigingnieuw-vennep.nl\\\/?s={search_term_string}\"},\"query-input\":{\"@type\":\"PropertyValueSpecification\",\"valueRequired\":true,\"valueName\":\"search_term_string\"}}],\"inLanguage\":\"nl-NL\"},{\"@type\":\"Organization\",\"@id\":\"https:\\\/\\\/tennisverenigingnieuw-vennep.nl\\\/#organization\",\"name\":\"Tennisvereniging Nieuw-Vennep\",\"url\":\"https:\\\/\\\/tennisverenigingnieuw-vennep.nl\\\/\",\"logo\":{\"@type\":\"ImageObject\",\"inLanguage\":\"nl-NL\",\"@id\":\"https:\\\/\\\/tennisverenigingnieuw-vennep.nl\\\/#\\\/schema\\\/logo\\\/image\\\/\",\"url\":\"https:\\\/\\\/i0.wp.com\\\/tennisverenigingnieuw-vennep.nl\\\/wp-content\\\/uploads\\\/2017\\\/05\\\/TVNV-logo-geen-achtergrond_small.png?fit=512%2C512&ssl=1\",\"contentUrl\":\"https:\\\/\\\/i0.wp.com\\\/tennisverenigingnieuw-vennep.nl\\\/wp-content\\\/uploads\\\/2017\\\/05\\\/TVNV-logo-geen-achtergrond_small.png?fit=512%2C512&ssl=1\",\"width\":\"512\",\"height\":\"512\",\"caption\":\"Tennisvereniging Nieuw-Vennep\"},\"image\":{\"@id\":\"https:\\\/\\\/tennisverenigingnieuw-vennep.nl\\\/#\\\/schema\\\/logo\\\/image\\\/\"},\"sameAs\":[\"https:\\\/\\\/www.facebook.com\\\/TV-Nieuw-Vennep-146373122084476\\\/\"]}]}<\/script>\n<!-- \/ Yoast SEO plugin. -->","yoast_head_json":{"title":"Tenniskids jeugdcompetitie - Tennisvereniging Nieuw-Vennep","robots":{"index":"index","follow":"follow","max-snippet":"max-snippet:-1","max-image-preview":"max-image-preview:large","max-video-preview":"max-video-preview:-1"},"canonical":"https:\/\/tennisverenigingnieuw-vennep.nl\/?page_id=399","og_locale":"nl_NL","og_type":"article","og_title":"Tenniskids jeugdcompetitie - Tennisvereniging Nieuw-Vennep","og_description":"Tenniskids is h\u00e9t KNLTB tennisprogramma voor kinderen t\/m 12 jaar. Met speciale (rode, oranje of groene) ballen, rackets, banen en oefeningen leert zelfs de jongste jeugd de sport razendsnel te spelen. Kinderen worden direct in een team met leeftijdsgenootjes geplaatst. Zo maken ze snel nieuwe vriendjes en werken ze samen naar duidelijke doelen toe. Dat ... Lees verder","og_url":"https:\/\/tennisverenigingnieuw-vennep.nl\/?page_id=399","og_site_name":"Tennisvereniging Nieuw-Vennep","article_publisher":"https:\/\/www.facebook.com\/TV-Nieuw-Vennep-146373122084476\/","article_modified_time":"2020-12-29T09:50:32+00:00","og_image":[{"width":900,"height":225,"url":"https:\/\/i2.wp.com\/tennisverenigingnieuw-vennep.nl\/wp-content\/uploads\/2017\/03\/Tenniskids-e1497206104913.jpg?fit=900%2C225&ssl=1","type":"image\/jpeg"}],"twitter_card":"summary_large_image","twitter_misc":{"Geschatte leestijd":"1 minuut"},"schema":{"@context":"https:\/\/schema.org","@graph":[{"@type":"WebPage","@id":"https:\/\/tennisverenigingnieuw-vennep.nl\/?page_id=399","url":"https:\/\/tennisverenigingnieuw-vennep.nl\/?page_id=399","name":"Tenniskids jeugdcompetitie - Tennisvereniging Nieuw-Vennep","isPartOf":{"@id":"https:\/\/tennisverenigingnieuw-vennep.nl\/#website"},"primaryImageOfPage":{"@id":"https:\/\/tennisverenigingnieuw-vennep.nl\/?page_id=399#primaryimage"},"image":{"@id":"https:\/\/tennisverenigingnieuw-vennep.nl\/?page_id=399#primaryimage"},"thumbnailUrl":"https:\/\/i0.wp.com\/tennisverenigingnieuw-vennep.nl\/wp-content\/uploads\/2017\/03\/Tenniskids-e1497206104913.jpg?fit=900%2C225&ssl=1","datePublished":"2017-03-16T18:39:38+00:00","dateModified":"2020-12-29T09:50:32+00:00","breadcrumb":{"@id":"https:\/\/tennisverenigingnieuw-vennep.nl\/?page_id=399#breadcrumb"},"inLanguage":"nl-NL","potentialAction":[{"@type":"ReadAction","target":["https:\/\/tennisverenigingnieuw-vennep.nl\/?page_id=399"]}]},{"@type":"ImageObject","inLanguage":"nl-NL","@id":"https:\/\/tennisverenigingnieuw-vennep.nl\/?page_id=399#primaryimage","url":"https:\/\/i0.wp.com\/tennisverenigingnieuw-vennep.nl\/wp-content\/uploads\/2017\/03\/Tenniskids-e1497206104913.jpg?fit=900%2C225&ssl=1","contentUrl":"https:\/\/i0.wp.com\/tennisverenigingnieuw-vennep.nl\/wp-content\/uploads\/2017\/03\/Tenniskids-e1497206104913.jpg?fit=900%2C225&ssl=1","width":900,"height":225},{"@type":"BreadcrumbList","@id":"https:\/\/tennisverenigingnieuw-vennep.nl\/?page_id=399#breadcrumb","itemListElement":[{"@type":"ListItem","position":1,"name":"Home","item":"https:\/\/tennisverenigingnieuw-vennep.nl\/"},{"@type":"ListItem","position":2,"name":"Tenniskids jeugdcompetitie"}]},{"@type":"WebSite","@id":"https:\/\/tennisverenigingnieuw-vennep.nl\/#website","url":"https:\/\/tennisverenigingnieuw-vennep.nl\/","name":"Tennisvereniging Nieuw-Vennep","description":"","publisher":{"@id":"https:\/\/tennisverenigingnieuw-vennep.nl\/#organization"},"potentialAction":[{"@type":"SearchAction","target":{"@type":"EntryPoint","urlTemplate":"https:\/\/tennisverenigingnieuw-vennep.nl\/?s={search_term_string}"},"query-input":{"@type":"PropertyValueSpecification","valueRequired":true,"valueName":"search_term_string"}}],"inLanguage":"nl-NL"},{"@type":"Organization","@id":"https:\/\/tennisverenigingnieuw-vennep.nl\/#organization","name":"Tennisvereniging Nieuw-Vennep","url":"https:\/\/tennisverenigingnieuw-vennep.nl\/","logo":{"@type":"ImageObject","inLanguage":"nl-NL","@id":"https:\/\/tennisverenigingnieuw-vennep.nl\/#\/schema\/logo\/image\/","url":"https:\/\/i0.wp.com\/tennisverenigingnieuw-vennep.nl\/wp-content\/uploads\/2017\/05\/TVNV-logo-geen-achtergrond_small.png?fit=512%2C512&ssl=1","contentUrl":"https:\/\/i0.wp.com\/tennisverenigingnieuw-vennep.nl\/wp-content\/uploads\/2017\/05\/TVNV-logo-geen-achtergrond_small.png?fit=512%2C512&ssl=1","width":"512","height":"512","caption":"Tennisvereniging Nieuw-Vennep"},"image":{"@id":"https:\/\/tennisverenigingnieuw-vennep.nl\/#\/schema\/logo\/image\/"},"sameAs":["https:\/\/www.facebook.com\/TV-Nieuw-Vennep-146373122084476\/"]}]}},"jetpack-related-posts":[],"jetpack_sharing_enabled":true,"_links":{"self":[{"href":"https:\/\/tennisverenigingnieuw-vennep.nl\/index.php?rest_route=\/wp\/v2\/pages\/399","targetHints":{"allow":["GET"]}}],"collection":[{"href":"https:\/\/tennisverenigingnieuw-vennep.nl\/index.php?rest_route=\/wp\/v2\/pages"}],"about":[{"href":"https:\/\/tennisverenigingnieuw-vennep.nl\/index.php?rest_route=\/wp\/v2\/types\/page"}],"author":[{"embeddable":true,"href":"https:\/\/tennisverenigingnieuw-vennep.nl\/index.php?rest_route=\/wp\/v2\/users\/1"}],"replies":[{"embeddable":true,"href":"https:\/\/tennisverenigingnieuw-vennep.nl\/index.php?rest_route=%2Fwp%2Fv2%2Fcomments&post=399"}],"version-history":[{"count":31,"href":"https:\/\/tennisverenigingnieuw-vennep.nl\/index.php?rest_route=\/wp\/v2\/pages\/399\/revisions"}],"predecessor-version":[{"id":7659,"href":"https:\/\/tennisverenigingnieuw-vennep.nl\/index.php?rest_route=\/wp\/v2\/pages\/399\/revisions\/7659"}],"wp:featuredmedia":[{"embeddable":true,"href":"https:\/\/tennisverenigingnieuw-vennep.nl\/index.php?rest_route=\/wp\/v2\/media\/382"}],"wp:attachment":[{"href":"https:\/\/tennisverenigingnieuw-vennep.nl\/index.php?rest_route=%2Fwp%2Fv2%2Fmedia&parent=399"}],"curies":[{"name":"wp","href":"https:\/\/api.w.org\/{rel}","templated":true}]}}