{"id":164,"date":"2017-03-12T08:38:59","date_gmt":"2017-03-12T08:38:59","guid":{"rendered":"http:\/\/tennisverenigingnieuw-vennep.nl\/?page_id=164"},"modified":"2025-06-01T21:10:34","modified_gmt":"2025-06-01T19:10:34","slug":"reglement-introduces","status":"publish","type":"page","link":"https:\/\/tennisverenigingnieuw-vennep.nl\/?page_id=164","title":{"rendered":"Introduc\u00e9s"},"content":{"rendered":"<div id=\"fb-root\"><\/div>\n<p><strong>Je kunt als lid van TVNV eenvoudig een keer tennissen met een niet-lid door deze als introduc\u00e9 mee te nemen. In de KNLTB ClubApp kies je bij het baanreserveren voor &#8216;introduc\u00e9 toevoegen&#8217;. Jij als gastheer of -vrouw betaalt vervolgens online het introduc\u00e9-tarief van 5,50\u00a0 euro per 45 min (=ca 7,50 voor een uur).<\/strong><\/p>\n<h3><strong>Slechts 5,50\u00a0 euro (45 min)<\/strong><\/h3>\n<p>Het meenemen van een introduc\u00e9 is een mooie en toegankelijke manier om iemand uit jouw omgeving kennis te laten maken met onze tennisvereniging voor slechts 5,50 euro per 45 minuten (ca 7,50 euro voor een heel uur). Je kunt ieder seizoen 5x iemand als introduc\u00e9 meenemen. Een en dezelfde introduc\u00e9 mag per jaar maximaal 3 keer worden ge\u00efntroduceerd.<\/p>\n<h3><strong>Eenvoudig spelen met introduc\u00e9 via KNLTB ClubApp<\/strong><\/h3>\n\n\n<figure class=\"wp-block-gallery has-nested-images columns-default is-cropped wp-block-gallery-2 is-layout-flex wp-block-gallery-is-layout-flex\">\n<figure class=\"wp-block-image size-large\"><img data-recalc-dims=\"1\" loading=\"lazy\" decoding=\"async\" width=\"569\" height=\"1024\" data-id=\"10442\" src=\"https:\/\/i0.wp.com\/tennisverenigingnieuw-vennep.nl\/wp-content\/uploads\/2023\/03\/thumbnail_IMG_7754.jpg?resize=569%2C1024&#038;ssl=1\" alt=\"\" class=\"wp-image-10442\" srcset=\"https:\/\/i0.wp.com\/tennisverenigingnieuw-vennep.nl\/wp-content\/uploads\/2023\/03\/thumbnail_IMG_7754.jpg?resize=569%2C1024&amp;ssl=1 569w, https:\/\/i0.wp.com\/tennisverenigingnieuw-vennep.nl\/wp-content\/uploads\/2023\/03\/thumbnail_IMG_7754.jpg?resize=167%2C300&amp;ssl=1 167w, https:\/\/i0.wp.com\/tennisverenigingnieuw-vennep.nl\/wp-content\/uploads\/2023\/03\/thumbnail_IMG_7754.jpg?w=711&amp;ssl=1 711w\" sizes=\"auto, (max-width: 569px) 100vw, 569px\" \/><\/figure>\n\n\n\n<figure class=\"wp-block-image size-large\"><img data-recalc-dims=\"1\" loading=\"lazy\" decoding=\"async\" width=\"575\" height=\"1024\" data-id=\"10441\" src=\"https:\/\/i0.wp.com\/tennisverenigingnieuw-vennep.nl\/wp-content\/uploads\/2023\/03\/thumbnail_IMG_7751.jpg?resize=575%2C1024&#038;ssl=1\" alt=\"\" class=\"wp-image-10441\" srcset=\"https:\/\/i0.wp.com\/tennisverenigingnieuw-vennep.nl\/wp-content\/uploads\/2023\/03\/thumbnail_IMG_7751.jpg?resize=575%2C1024&amp;ssl=1 575w, https:\/\/i0.wp.com\/tennisverenigingnieuw-vennep.nl\/wp-content\/uploads\/2023\/03\/thumbnail_IMG_7751.jpg?resize=169%2C300&amp;ssl=1 169w, https:\/\/i0.wp.com\/tennisverenigingnieuw-vennep.nl\/wp-content\/uploads\/2023\/03\/thumbnail_IMG_7751.jpg?w=719&amp;ssl=1 719w\" sizes=\"auto, (max-width: 575px) 100vw, 575px\" \/><\/figure>\n\n\n\n<figure class=\"wp-block-image size-large\"><img data-recalc-dims=\"1\" loading=\"lazy\" decoding=\"async\" width=\"575\" height=\"1024\" data-id=\"10440\" src=\"https:\/\/i0.wp.com\/tennisverenigingnieuw-vennep.nl\/wp-content\/uploads\/2023\/03\/thumbnail_IMG_7752.jpg?resize=575%2C1024&#038;ssl=1\" alt=\"\" class=\"wp-image-10440\" srcset=\"https:\/\/i0.wp.com\/tennisverenigingnieuw-vennep.nl\/wp-content\/uploads\/2023\/03\/thumbnail_IMG_7752.jpg?resize=575%2C1024&amp;ssl=1 575w, https:\/\/i0.wp.com\/tennisverenigingnieuw-vennep.nl\/wp-content\/uploads\/2023\/03\/thumbnail_IMG_7752.jpg?resize=169%2C300&amp;ssl=1 169w, https:\/\/i0.wp.com\/tennisverenigingnieuw-vennep.nl\/wp-content\/uploads\/2023\/03\/thumbnail_IMG_7752.jpg?w=719&amp;ssl=1 719w\" sizes=\"auto, (max-width: 575px) 100vw, 575px\" \/><\/figure>\n<\/figure>\n\n\n\n<h3 class=\"wp-block-heading\"><strong>Maak je omgeving enthousiast voor tennis<\/strong><\/h3>\n\n\n\n<p>Het doel van het reglement introduc\u00e9s is om onze leden te stimuleren om niet-leden mee te nemen naar ons tennispark en enthousiast maken voor de tennissport en onze vereniging in het bijzonder.<\/p>\n\n\n\n<p><\/p>\n","protected":false},"excerpt":{"rendered":"<p>Je kunt als lid van TVNV eenvoudig een keer tennissen met een niet-lid door deze als introduc\u00e9 mee te nemen. In de KNLTB ClubApp kies je bij het baanreserveren voor &#8216;introduc\u00e9 toevoegen&#8217;. Jij als gastheer of -vrouw betaalt vervolgens online het introduc\u00e9-tarief van 5,50\u00a0 euro per 45 min (=ca 7,50 voor een uur). Slechts 5,50\u00a0 &#8230; <a title=\"Introduc\u00e9s\" class=\"read-more\" href=\"https:\/\/tennisverenigingnieuw-vennep.nl\/?page_id=164\" aria-label=\"Lees meer over Introduc\u00e9s\">Lees verder<\/a><\/p>\n","protected":false},"author":1,"featured_media":0,"parent":69,"menu_order":1,"comment_status":"closed","ping_status":"closed","template":"","meta":{"_bbp_topic_count":0,"_bbp_reply_count":0,"_bbp_total_topic_count":0,"_bbp_total_reply_count":0,"_bbp_voice_count":0,"_bbp_anonymous_reply_count":0,"_bbp_topic_count_hidden":0,"_bbp_reply_count_hidden":0,"_bbp_forum_subforum_count":0,"footnotes":""},"class_list":["post-164","page","type-page","status-publish"],"yoast_head":"<!-- This site is optimized with the Yoast SEO plugin v27.5 - https:\/\/yoast.com\/product\/yoast-seo-wordpress\/ -->\n<title>Introduc\u00e9s - Tennisvereniging Nieuw-Vennep<\/title>\n<meta name=\"robots\" content=\"index, follow, max-snippet:-1, max-image-preview:large, max-video-preview:-1\" \/>\n<link rel=\"canonical\" href=\"https:\/\/tennisverenigingnieuw-vennep.nl\/?page_id=164\" \/>\n<meta property=\"og:locale\" content=\"nl_NL\" \/>\n<meta property=\"og:type\" content=\"article\" \/>\n<meta property=\"og:title\" content=\"Introduc\u00e9s - Tennisvereniging Nieuw-Vennep\" \/>\n<meta property=\"og:description\" content=\"Je kunt als lid van TVNV eenvoudig een keer tennissen met een niet-lid door deze als introduc\u00e9 mee te nemen. In de KNLTB ClubApp kies je bij het baanreserveren voor &#8216;introduc\u00e9 toevoegen&#8217;. Jij als gastheer of -vrouw betaalt vervolgens online het introduc\u00e9-tarief van 5,50\u00a0 euro per 45 min (=ca 7,50 voor een uur). Slechts 5,50\u00a0 ... Lees verder\" \/>\n<meta property=\"og:url\" content=\"https:\/\/tennisverenigingnieuw-vennep.nl\/?page_id=164\" \/>\n<meta property=\"og:site_name\" content=\"Tennisvereniging Nieuw-Vennep\" \/>\n<meta property=\"article:publisher\" content=\"https:\/\/www.facebook.com\/TV-Nieuw-Vennep-146373122084476\/\" \/>\n<meta property=\"article:modified_time\" content=\"2025-06-01T19:10:34+00:00\" \/>\n<meta property=\"og:image\" content=\"https:\/\/tennisverenigingnieuw-vennep.nl\/wp-content\/uploads\/2023\/03\/thumbnail_IMG_7754-569x1024.jpg\" \/>\n<meta name=\"twitter:card\" content=\"summary_large_image\" \/>\n<meta name=\"twitter:label1\" content=\"Geschatte leestijd\" \/>\n\t<meta name=\"twitter:data1\" content=\"2 minuten\" \/>\n<script type=\"application\/ld+json\" class=\"yoast-schema-graph\">{\"@context\":\"https:\\\/\\\/schema.org\",\"@graph\":[{\"@type\":\"WebPage\",\"@id\":\"https:\\\/\\\/tennisverenigingnieuw-vennep.nl\\\/?page_id=164\",\"url\":\"https:\\\/\\\/tennisverenigingnieuw-vennep.nl\\\/?page_id=164\",\"name\":\"Introduc\u00e9s - Tennisvereniging Nieuw-Vennep\",\"isPartOf\":{\"@id\":\"https:\\\/\\\/tennisverenigingnieuw-vennep.nl\\\/#website\"},\"primaryImageOfPage\":{\"@id\":\"https:\\\/\\\/tennisverenigingnieuw-vennep.nl\\\/?page_id=164#primaryimage\"},\"image\":{\"@id\":\"https:\\\/\\\/tennisverenigingnieuw-vennep.nl\\\/?page_id=164#primaryimage\"},\"thumbnailUrl\":\"https:\\\/\\\/tennisverenigingnieuw-vennep.nl\\\/wp-content\\\/uploads\\\/2023\\\/03\\\/thumbnail_IMG_7754-569x1024.jpg\",\"datePublished\":\"2017-03-12T08:38:59+00:00\",\"dateModified\":\"2025-06-01T19:10:34+00:00\",\"breadcrumb\":{\"@id\":\"https:\\\/\\\/tennisverenigingnieuw-vennep.nl\\\/?page_id=164#breadcrumb\"},\"inLanguage\":\"nl-NL\",\"potentialAction\":[{\"@type\":\"ReadAction\",\"target\":[\"https:\\\/\\\/tennisverenigingnieuw-vennep.nl\\\/?page_id=164\"]}]},{\"@type\":\"ImageObject\",\"inLanguage\":\"nl-NL\",\"@id\":\"https:\\\/\\\/tennisverenigingnieuw-vennep.nl\\\/?page_id=164#primaryimage\",\"url\":\"https:\\\/\\\/i0.wp.com\\\/tennisverenigingnieuw-vennep.nl\\\/wp-content\\\/uploads\\\/2023\\\/03\\\/thumbnail_IMG_7754.jpg?fit=711%2C1280&ssl=1\",\"contentUrl\":\"https:\\\/\\\/i0.wp.com\\\/tennisverenigingnieuw-vennep.nl\\\/wp-content\\\/uploads\\\/2023\\\/03\\\/thumbnail_IMG_7754.jpg?fit=711%2C1280&ssl=1\",\"width\":711,\"height\":1280},{\"@type\":\"BreadcrumbList\",\"@id\":\"https:\\\/\\\/tennisverenigingnieuw-vennep.nl\\\/?page_id=164#breadcrumb\",\"itemListElement\":[{\"@type\":\"ListItem\",\"position\":1,\"name\":\"Home\",\"item\":\"https:\\\/\\\/tennisverenigingnieuw-vennep.nl\\\/\"},{\"@type\":\"ListItem\",\"position\":2,\"name\":\"TVNV Info\",\"item\":\"https:\\\/\\\/tennisverenigingnieuw-vennep.nl\\\/?page_id=69\"},{\"@type\":\"ListItem\",\"position\":3,\"name\":\"Introduc\u00e9s\"}]},{\"@type\":\"WebSite\",\"@id\":\"https:\\\/\\\/tennisverenigingnieuw-vennep.nl\\\/#website\",\"url\":\"https:\\\/\\\/tennisverenigingnieuw-vennep.nl\\\/\",\"name\":\"Tennisvereniging Nieuw-Vennep\",\"description\":\"\",\"publisher\":{\"@id\":\"https:\\\/\\\/tennisverenigingnieuw-vennep.nl\\\/#organization\"},\"potentialAction\":[{\"@type\":\"SearchAction\",\"target\":{\"@type\":\"EntryPoint\",\"urlTemplate\":\"https:\\\/\\\/tennisverenigingnieuw-vennep.nl\\\/?s={search_term_string}\"},\"query-input\":{\"@type\":\"PropertyValueSpecification\",\"valueRequired\":true,\"valueName\":\"search_term_string\"}}],\"inLanguage\":\"nl-NL\"},{\"@type\":\"Organization\",\"@id\":\"https:\\\/\\\/tennisverenigingnieuw-vennep.nl\\\/#organization\",\"name\":\"Tennisvereniging Nieuw-Vennep\",\"url\":\"https:\\\/\\\/tennisverenigingnieuw-vennep.nl\\\/\",\"logo\":{\"@type\":\"ImageObject\",\"inLanguage\":\"nl-NL\",\"@id\":\"https:\\\/\\\/tennisverenigingnieuw-vennep.nl\\\/#\\\/schema\\\/logo\\\/image\\\/\",\"url\":\"https:\\\/\\\/i0.wp.com\\\/tennisverenigingnieuw-vennep.nl\\\/wp-content\\\/uploads\\\/2017\\\/05\\\/TVNV-logo-geen-achtergrond_small.png?fit=512%2C512&ssl=1\",\"contentUrl\":\"https:\\\/\\\/i0.wp.com\\\/tennisverenigingnieuw-vennep.nl\\\/wp-content\\\/uploads\\\/2017\\\/05\\\/TVNV-logo-geen-achtergrond_small.png?fit=512%2C512&ssl=1\",\"width\":\"512\",\"height\":\"512\",\"caption\":\"Tennisvereniging Nieuw-Vennep\"},\"image\":{\"@id\":\"https:\\\/\\\/tennisverenigingnieuw-vennep.nl\\\/#\\\/schema\\\/logo\\\/image\\\/\"},\"sameAs\":[\"https:\\\/\\\/www.facebook.com\\\/TV-Nieuw-Vennep-146373122084476\\\/\"]}]}<\/script>\n<!-- \/ Yoast SEO plugin. -->","yoast_head_json":{"title":"Introduc\u00e9s - Tennisvereniging Nieuw-Vennep","robots":{"index":"index","follow":"follow","max-snippet":"max-snippet:-1","max-image-preview":"max-image-preview:large","max-video-preview":"max-video-preview:-1"},"canonical":"https:\/\/tennisverenigingnieuw-vennep.nl\/?page_id=164","og_locale":"nl_NL","og_type":"article","og_title":"Introduc\u00e9s - Tennisvereniging Nieuw-Vennep","og_description":"Je kunt als lid van TVNV eenvoudig een keer tennissen met een niet-lid door deze als introduc\u00e9 mee te nemen. In de KNLTB ClubApp kies je bij het baanreserveren voor &#8216;introduc\u00e9 toevoegen&#8217;. Jij als gastheer of -vrouw betaalt vervolgens online het introduc\u00e9-tarief van 5,50\u00a0 euro per 45 min (=ca 7,50 voor een uur). Slechts 5,50\u00a0 ... Lees verder","og_url":"https:\/\/tennisverenigingnieuw-vennep.nl\/?page_id=164","og_site_name":"Tennisvereniging Nieuw-Vennep","article_publisher":"https:\/\/www.facebook.com\/TV-Nieuw-Vennep-146373122084476\/","article_modified_time":"2025-06-01T19:10:34+00:00","og_image":[{"url":"https:\/\/tennisverenigingnieuw-vennep.nl\/wp-content\/uploads\/2023\/03\/thumbnail_IMG_7754-569x1024.jpg","type":"","width":"","height":""}],"twitter_card":"summary_large_image","twitter_misc":{"Geschatte leestijd":"2 minuten"},"schema":{"@context":"https:\/\/schema.org","@graph":[{"@type":"WebPage","@id":"https:\/\/tennisverenigingnieuw-vennep.nl\/?page_id=164","url":"https:\/\/tennisverenigingnieuw-vennep.nl\/?page_id=164","name":"Introduc\u00e9s - Tennisvereniging Nieuw-Vennep","isPartOf":{"@id":"https:\/\/tennisverenigingnieuw-vennep.nl\/#website"},"primaryImageOfPage":{"@id":"https:\/\/tennisverenigingnieuw-vennep.nl\/?page_id=164#primaryimage"},"image":{"@id":"https:\/\/tennisverenigingnieuw-vennep.nl\/?page_id=164#primaryimage"},"thumbnailUrl":"https:\/\/tennisverenigingnieuw-vennep.nl\/wp-content\/uploads\/2023\/03\/thumbnail_IMG_7754-569x1024.jpg","datePublished":"2017-03-12T08:38:59+00:00","dateModified":"2025-06-01T19:10:34+00:00","breadcrumb":{"@id":"https:\/\/tennisverenigingnieuw-vennep.nl\/?page_id=164#breadcrumb"},"inLanguage":"nl-NL","potentialAction":[{"@type":"ReadAction","target":["https:\/\/tennisverenigingnieuw-vennep.nl\/?page_id=164"]}]},{"@type":"ImageObject","inLanguage":"nl-NL","@id":"https:\/\/tennisverenigingnieuw-vennep.nl\/?page_id=164#primaryimage","url":"https:\/\/i0.wp.com\/tennisverenigingnieuw-vennep.nl\/wp-content\/uploads\/2023\/03\/thumbnail_IMG_7754.jpg?fit=711%2C1280&ssl=1","contentUrl":"https:\/\/i0.wp.com\/tennisverenigingnieuw-vennep.nl\/wp-content\/uploads\/2023\/03\/thumbnail_IMG_7754.jpg?fit=711%2C1280&ssl=1","width":711,"height":1280},{"@type":"BreadcrumbList","@id":"https:\/\/tennisverenigingnieuw-vennep.nl\/?page_id=164#breadcrumb","itemListElement":[{"@type":"ListItem","position":1,"name":"Home","item":"https:\/\/tennisverenigingnieuw-vennep.nl\/"},{"@type":"ListItem","position":2,"name":"TVNV Info","item":"https:\/\/tennisverenigingnieuw-vennep.nl\/?page_id=69"},{"@type":"ListItem","position":3,"name":"Introduc\u00e9s"}]},{"@type":"WebSite","@id":"https:\/\/tennisverenigingnieuw-vennep.nl\/#website","url":"https:\/\/tennisverenigingnieuw-vennep.nl\/","name":"Tennisvereniging Nieuw-Vennep","description":"","publisher":{"@id":"https:\/\/tennisverenigingnieuw-vennep.nl\/#organization"},"potentialAction":[{"@type":"SearchAction","target":{"@type":"EntryPoint","urlTemplate":"https:\/\/tennisverenigingnieuw-vennep.nl\/?s={search_term_string}"},"query-input":{"@type":"PropertyValueSpecification","valueRequired":true,"valueName":"search_term_string"}}],"inLanguage":"nl-NL"},{"@type":"Organization","@id":"https:\/\/tennisverenigingnieuw-vennep.nl\/#organization","name":"Tennisvereniging Nieuw-Vennep","url":"https:\/\/tennisverenigingnieuw-vennep.nl\/","logo":{"@type":"ImageObject","inLanguage":"nl-NL","@id":"https:\/\/tennisverenigingnieuw-vennep.nl\/#\/schema\/logo\/image\/","url":"https:\/\/i0.wp.com\/tennisverenigingnieuw-vennep.nl\/wp-content\/uploads\/2017\/05\/TVNV-logo-geen-achtergrond_small.png?fit=512%2C512&ssl=1","contentUrl":"https:\/\/i0.wp.com\/tennisverenigingnieuw-vennep.nl\/wp-content\/uploads\/2017\/05\/TVNV-logo-geen-achtergrond_small.png?fit=512%2C512&ssl=1","width":"512","height":"512","caption":"Tennisvereniging Nieuw-Vennep"},"image":{"@id":"https:\/\/tennisverenigingnieuw-vennep.nl\/#\/schema\/logo\/image\/"},"sameAs":["https:\/\/www.facebook.com\/TV-Nieuw-Vennep-146373122084476\/"]}]}},"jetpack-related-posts":[],"jetpack_sharing_enabled":true,"_links":{"self":[{"href":"https:\/\/tennisverenigingnieuw-vennep.nl\/index.php?rest_route=\/wp\/v2\/pages\/164","targetHints":{"allow":["GET"]}}],"collection":[{"href":"https:\/\/tennisverenigingnieuw-vennep.nl\/index.php?rest_route=\/wp\/v2\/pages"}],"about":[{"href":"https:\/\/tennisverenigingnieuw-vennep.nl\/index.php?rest_route=\/wp\/v2\/types\/page"}],"author":[{"embeddable":true,"href":"https:\/\/tennisverenigingnieuw-vennep.nl\/index.php?rest_route=\/wp\/v2\/users\/1"}],"replies":[{"embeddable":true,"href":"https:\/\/tennisverenigingnieuw-vennep.nl\/index.php?rest_route=%2Fwp%2Fv2%2Fcomments&post=164"}],"version-history":[{"count":20,"href":"https:\/\/tennisverenigingnieuw-vennep.nl\/index.php?rest_route=\/wp\/v2\/pages\/164\/revisions"}],"predecessor-version":[{"id":12264,"href":"https:\/\/tennisverenigingnieuw-vennep.nl\/index.php?rest_route=\/wp\/v2\/pages\/164\/revisions\/12264"}],"up":[{"embeddable":true,"href":"https:\/\/tennisverenigingnieuw-vennep.nl\/index.php?rest_route=\/wp\/v2\/pages\/69"}],"wp:attachment":[{"href":"https:\/\/tennisverenigingnieuw-vennep.nl\/index.php?rest_route=%2Fwp%2Fv2%2Fmedia&parent=164"}],"curies":[{"name":"wp","href":"https:\/\/api.w.org\/{rel}","templated":true}]}}